{"id":3563,"date":"2024-06-04T07:21:36","date_gmt":"2024-06-04T07:21:36","guid":{"rendered":"https:\/\/www.nazkaya.com\/?page_id=3563"},"modified":"2024-06-04T08:15:23","modified_gmt":"2024-06-04T08:15:23","slug":"bafra-organize-sanayi-fabrika-is-basvuru-formu","status":"publish","type":"page","link":"https:\/\/www.nazkaya.com\/it\/bafra-organize-sanayi-fabrika-is-basvuru-formu\/","title":{"rendered":"Bafra Organize Sanayi Fabrika \u0130\u015f Ba\u015fvuru Formu"},"content":{"rendered":"<div data-elementor-type=\"wp-page\" data-elementor-id=\"3563\" class=\"elementor elementor-3563\" data-elementor-post-type=\"page\">\n\t\t\t\t\t\t<section class=\"elementor-section elementor-top-section elementor-element elementor-element-4fdedae elementor-section-boxed elementor-section-height-default elementor-section-height-default\" data-id=\"4fdedae\" data-element_type=\"section\">\n\t\t\t\t\t\t<div class=\"elementor-container elementor-column-gap-default\">\n\t\t\t\t\t<div class=\"elementor-column elementor-col-100 elementor-top-column elementor-element elementor-element-79aa7eb\" data-id=\"79aa7eb\" data-element_type=\"column\">\n\t\t\t<div class=\"elementor-widget-wrap elementor-element-populated\">\n\t\t\t\t\t\t<div class=\"elementor-element elementor-element-f5e3589 elementor-widget elementor-widget-buildbench-title\" data-id=\"f5e3589\" data-element_type=\"widget\" data-widget_type=\"buildbench-title.default\">\n\t\t\t\t<div class=\"elementor-widget-container\">\n\t\t\t         <div class=\"section-heading-content\">\n            <h2 class=\"section-title\">\n                <span class=\"sub-title\"><\/span>\n                 Bafra Organize Sanayi Fabrika \u0130\u015f Ba\u015fvuru Formu                             <\/h2>\n         <\/div><!-- Section title -->\t\t\n\n     \n    \t\t<\/div>\n\t\t\t\t<\/div>\n\t\t\t\t<div class=\"elementor-element elementor-element-e45daad elementor-widget elementor-widget-shortcode\" data-id=\"e45daad\" data-element_type=\"widget\" data-widget_type=\"shortcode.default\">\n\t\t\t\t<div class=\"elementor-widget-container\">\n\t\t\t\t\t<div class=\"elementor-shortcode\">\n<div class=\"wpcf7 no-js\" id=\"wpcf7-f3562-o1\" lang=\"en-US\" dir=\"ltr\">\n<div class=\"screen-reader-response\"><p role=\"status\" aria-live=\"polite\" aria-atomic=\"true\"><\/p> <ul><\/ul><\/div>\n<form action=\"\/it\/wp-json\/wp\/v2\/pages\/3563#wpcf7-f3562-o1\" method=\"post\" class=\"wpcf7-form init\" aria-label=\"Contact form\" novalidate=\"novalidate\" data-status=\"init\" data-trp-original-action=\"\/it\/wp-json\/wp\/v2\/pages\/3563#wpcf7-f3562-o1\">\n<div style=\"display: none;\">\n<input type=\"hidden\" name=\"_wpcf7\" value=\"3562\" \/>\n<input type=\"hidden\" name=\"_wpcf7_version\" value=\"5.9.3\" \/>\n<input type=\"hidden\" name=\"_wpcf7_locale\" value=\"en_US\" \/>\n<input type=\"hidden\" name=\"_wpcf7_unit_tag\" value=\"wpcf7-f3562-o1\" \/>\n<input type=\"hidden\" name=\"_wpcf7_container_post\" value=\"0\" \/>\n<input type=\"hidden\" name=\"_wpcf7_posted_data_hash\" value=\"\" \/>\n<input type=\"hidden\" name=\"_wpcf7cf_hidden_group_fields\" value=\"[]\" \/>\n<input type=\"hidden\" name=\"_wpcf7cf_hidden_groups\" value=\"[]\" \/>\n<input type=\"hidden\" name=\"_wpcf7cf_visible_groups\" value=\"[]\" \/>\n<input type=\"hidden\" name=\"_wpcf7cf_repeaters\" value=\"[]\" \/>\n<input type=\"hidden\" name=\"_wpcf7cf_steps\" value=\"{}\" \/>\n<input type=\"hidden\" name=\"_wpcf7cf_options\" value=\"{&quot;form_id&quot;:3562,&quot;conditions&quot;:[{&quot;then_field&quot;:&quot;group-512&quot;,&quot;and_rules&quot;:[{&quot;if_field&quot;:&quot;islergecmisi&quot;,&quot;operator&quot;:&quot;equals&quot;,&quot;if_value&quot;:&quot;Evet&quot;}]},{&quot;then_field&quot;:&quot;-1&quot;,&quot;and_rules&quot;:[{&quot;if_field&quot;:&quot;-1&quot;,&quot;operator&quot;:&quot;equals&quot;,&quot;if_value&quot;:&quot;\\u0130lk\\u00f6\\u011fretim&quot;}]},{&quot;then_field&quot;:&quot;-1&quot;,&quot;and_rules&quot;:[{&quot;if_field&quot;:&quot;-1&quot;,&quot;operator&quot;:&quot;equals&quot;,&quot;if_value&quot;:&quot;Orta\\u00f6\\u011fretim&quot;}]},{&quot;then_field&quot;:&quot;-1&quot;,&quot;and_rules&quot;:[{&quot;if_field&quot;:&quot;-1&quot;,&quot;operator&quot;:&quot;equals&quot;,&quot;if_value&quot;:&quot;Meslek Lisesi&quot;}]},{&quot;then_field&quot;:&quot;-1&quot;,&quot;and_rules&quot;:[{&quot;if_field&quot;:&quot;-1&quot;,&quot;operator&quot;:&quot;equals&quot;,&quot;if_value&quot;:&quot;Meslek Y\\u00fcksek Okulu&quot;}]},{&quot;then_field&quot;:&quot;-1&quot;,&quot;and_rules&quot;:[{&quot;if_field&quot;:&quot;-1&quot;,&quot;operator&quot;:&quot;equals&quot;,&quot;if_value&quot;:&quot;Lisans&quot;}]},{&quot;then_field&quot;:&quot;-1&quot;,&quot;and_rules&quot;:[{&quot;if_field&quot;:&quot;-1&quot;,&quot;operator&quot;:&quot;equals&quot;,&quot;if_value&quot;:&quot;Y\\u00fcksek Lisans&quot;}]}],&quot;settings&quot;:{&quot;animation&quot;:&quot;yes&quot;,&quot;animation_intime&quot;:200,&quot;animation_outtime&quot;:200,&quot;conditions_ui&quot;:&quot;normal&quot;,&quot;notice_dismissed&quot;:false,&quot;notice_dismissed_update-cf7-5.9.5&quot;:true}}\" \/>\n<\/div>\n<div class=\"ts-form-group\">\n\t<div class=\"ts-form\">\n\t\t<div class=\"row\">\n\t\t\t<div class=\"col-xs-3\">\n\t\t\t\t<p>\u0130sim Soyisim* <span class=\"wpcf7-form-control-wrap\" data-name=\"your-name\"><input size=\"40\" class=\"wpcf7-form-control wpcf7-text wpcf7-validates-as-required form-control\" aria-required=\"true\" aria-invalid=\"false\" placeholder=\"\" value=\"\" type=\"text\" name=\"your-name\" \/><\/span>\n\t\t\t\t<\/p>\n\t\t\t<\/div>\n\t\t\t<div class=\"col-xs-3\">\n\t\t\t\t<p>TC Kimlik No* <span class=\"wpcf7-form-control-wrap\" data-name=\"tckn\"><input class=\"wpcf7-form-control wpcf7-number wpcf7-validates-as-required wpcf7-validates-as-number form-control\" aria-required=\"true\" aria-invalid=\"false\" placeholder=\"\" value=\"\" type=\"number\" name=\"tckn\" \/><\/span>\n\t\t\t\t<\/p>\n\t\t\t<\/div>\n\t\t\t<div class=\"col-xs-3\">\n\t\t\t\t<p>Do\u011fum Yeriniz?* <span class=\"wpcf7-form-control-wrap\" data-name=\"dogum-yeri\"><input size=\"40\" class=\"wpcf7-form-control wpcf7-text wpcf7-validates-as-required form-control\" aria-required=\"true\" aria-invalid=\"false\" placeholder=\"\" value=\"\" type=\"text\" name=\"dogum-yeri\" \/><\/span>\n\t\t\t\t<\/p>\n\t\t\t<\/div>\n\t\t\t<div class=\"col-xs-3\">\n\t\t\t\t<p>Do\u011fum tarihiniz?* <span class=\"wpcf7-form-control-wrap\" data-name=\"date-56\"><input class=\"wpcf7-form-control wpcf7-date wpcf7-validates-as-required wpcf7-validates-as-date form-control\" aria-required=\"true\" aria-invalid=\"false\" placeholder=\"\" value=\"\" type=\"date\" name=\"date-56\" \/><\/span>\n\t\t\t\t<\/p>\n\t\t\t<\/div>\n\t\t<\/div>\n\t\t<div class=\"row\">\n\t\t\t<div class=\"col-xs-4\">\n\t\t\t\t<p>Telefon Numaran\u0131z* <span class=\"wpcf7-form-control-wrap\" data-name=\"tel-no\"><input size=\"40\" class=\"wpcf7-form-control wpcf7-text wpcf7-validates-as-required form-control\" aria-required=\"true\" aria-invalid=\"false\" placeholder=\"\" value=\"\" type=\"text\" name=\"tel-no\" \/><\/span>\n\t\t\t\t<\/p>\n\t\t\t<\/div>\n\t\t\t<div class=\"col-xs-4\">\n\t\t\t\t<p>Telefon Numaran\u0131z 2* <span class=\"wpcf7-form-control-wrap\" data-name=\"tel-no2\"><input size=\"40\" class=\"wpcf7-form-control wpcf7-text wpcf7-validates-as-required form-control\" aria-required=\"true\" aria-invalid=\"false\" placeholder=\"\" value=\"\" type=\"text\" name=\"tel-no2\" \/><\/span>\n\t\t\t\t<\/p>\n\t\t\t<\/div>\n\t\t\t<div class=\"col-xs-4\">\n\t\t\t\t<p>E-posta Adresiniz* <span class=\"wpcf7-form-control-wrap\" data-name=\"your-email\"><input size=\"40\" class=\"wpcf7-form-control wpcf7-email wpcf7-validates-as-required wpcf7-text wpcf7-validates-as-email form-control\" aria-required=\"true\" aria-invalid=\"false\" placeholder=\"\" value=\"\" type=\"email\" name=\"your-email\" \/><\/span>\n\t\t\t\t<\/p>\n\t\t\t<\/div>\n\t\t<\/div>\n\t\t<div class=\"row\">\n\t\t\t<div class=\"col-xs-12\">\n\t\t\t\t<p>Adresiniz <span class=\"wpcf7-form-control-wrap\" data-name=\"adres\"><input size=\"40\" class=\"wpcf7-form-control wpcf7-text wpcf7-validates-as-required form-control\" aria-required=\"true\" aria-invalid=\"false\" placeholder=\"\" value=\"\" type=\"text\" name=\"adres\" \/><\/span>\n\t\t\t\t<\/p>\n\t\t\t<\/div>\n\t\t<\/div>\n\t\t<div class=\"row\">\n\t\t\t<div class=\"col-xs-3\">\n\t\t\t\t<p>Medeni Haliniz?* <span class=\"wpcf7-form-control-wrap\" data-name=\"Medeni\"><select class=\"wpcf7-form-control wpcf7-select wpcf7-validates-as-required\" aria-required=\"true\" aria-invalid=\"false\" name=\"Medeni\"><option value=\"Evli\">Evli<\/option><option value=\"Bekar\">Bekar<\/option><\/select><\/span>\n\t\t\t\t<\/p>\n\t\t\t<\/div>\n\t\t\t<div class=\"col-xs-3\">\n\t\t\t\t<p>\u00c7ocuk say\u0131s\u0131* <span class=\"wpcf7-form-control-wrap\" data-name=\"cocuk\"><input class=\"wpcf7-form-control wpcf7-number wpcf7-validates-as-required wpcf7-validates-as-number form-control\" aria-required=\"true\" aria-invalid=\"false\" placeholder=\"\" value=\"\" type=\"number\" name=\"cocuk\" \/><\/span>\n\t\t\t\t<\/p>\n\t\t\t<\/div>\n\t\t\t<div class=\"col-xs-3\">\n\t\t\t\t<p>Boyunuz?* <span class=\"wpcf7-form-control-wrap\" data-name=\"boy\"><input size=\"40\" class=\"wpcf7-form-control wpcf7-text wpcf7-validates-as-required form-control\" aria-required=\"true\" aria-invalid=\"false\" placeholder=\"\" value=\"\" type=\"text\" name=\"boy\" \/><\/span>\n\t\t\t\t<\/p>\n\t\t\t<\/div>\n\t\t\t<div class=\"col-xs-3\">\n\t\t\t\t<p>Kilonuz?* <span class=\"wpcf7-form-control-wrap\" data-name=\"kilo\"><input size=\"40\" class=\"wpcf7-form-control wpcf7-text wpcf7-validates-as-required form-control\" aria-required=\"true\" aria-invalid=\"false\" placeholder=\"\" value=\"\" type=\"text\" name=\"kilo\" \/><\/span>\n\t\t\t\t<\/p>\n\t\t\t<\/div>\n\t\t<\/div>\n\t\t<div class=\"row\">\n\t\t\t<div class=\"col-xs-3\">\n\t\t\t\t<p>Askerlik Durumunuz?* <span class=\"wpcf7-form-control-wrap\" data-name=\"Askerlik\"><select class=\"wpcf7-form-control wpcf7-select wpcf7-validates-as-required\" aria-required=\"true\" aria-invalid=\"false\" name=\"Askerlik\"><option value=\"Yapt\u0131\">Yapt\u0131<\/option><option value=\"Yapmad\u0131\">Yapmad\u0131<\/option><option value=\"Muaf\">Muaf<\/option><\/select><\/span>\n\t\t\t\t<\/p>\n\t\t\t<\/div>\n\t\t\t<div class=\"col-xs-3\">\n\t\t\t\t<p>Kronik Hastal\u0131\u011f\u0131n\u0131z var m\u0131?* <span class=\"wpcf7-form-control-wrap\" data-name=\"kronikhastalik\"><select class=\"wpcf7-form-control wpcf7-select wpcf7-validates-as-required\" aria-required=\"true\" aria-invalid=\"false\" name=\"kronikhastalik\"><option value=\"Var\">Var<\/option><option value=\"Yok\">Yok<\/option><\/select><\/span>\n\t\t\t\t<\/p>\n\t\t\t<\/div>\n\t\t\t<div class=\"col-xs-3\">\n\t\t\t\t<p>\u0130\u015f Ge\u00e7mi\u015finiz Var m\u0131?* <span class=\"wpcf7-form-control-wrap\" data-name=\"islergecmisi\"><select class=\"wpcf7-form-control wpcf7-select wpcf7-validates-as-required\" aria-required=\"true\" aria-invalid=\"false\" name=\"islergecmisi\"><option value=\"Hay\u0131r\">Hay\u0131r<\/option><option value=\"Evet\">Evet<\/option><\/select><\/span>\n\t\t\t\t<\/p>\n\t\t\t<\/div>\n\t\t\t<div class=\"col-xs-3\">\n\t\t\t\t<p>E\u011fitim Durumunuz?* <span class=\"wpcf7-form-control-wrap\" data-name=\"Egitim\"><select class=\"wpcf7-form-control wpcf7-select wpcf7-validates-as-required\" aria-required=\"true\" aria-invalid=\"false\" name=\"Egitim\"><option value=\"\u0130lk\u00f6\u011fretim\">\u0130lk\u00f6\u011fretim<\/option><option value=\"Orta\u00f6\u011fretim\">Orta\u00f6\u011fretim<\/option><option value=\"Meslek Lisesi\">Meslek Lisesi<\/option><option value=\"Meslek Y\u00fcksek Okulu\">Meslek Y\u00fcksek Okulu<\/option><option value=\"Lisans\">Lisans<\/option><option value=\"Y\u00fcksek Lisans\">Y\u00fcksek Lisans<\/option><\/select><\/span>\n\t\t\t\t<\/p>\n\t\t\t<\/div>\n\t\t<\/div>\n\t\t<div class=\"row\">\n\t\t\t<div data-id=\"group-512\" data-orig_data_id=\"group-512\"  data-class=\"wpcf7cf_group\">\n\t\t\t\t<div class=\"col-xs-3\">\n\t\t\t\t\t<p>Ba\u015flama tarihiniz<br \/>\n<span class=\"wpcf7-form-control-wrap\" data-name=\"isbaslama\"><input class=\"wpcf7-form-control wpcf7-date wpcf7-validates-as-required wpcf7-validates-as-date form-control\" aria-required=\"true\" aria-invalid=\"false\" placeholder=\"\" value=\"\" type=\"date\" name=\"isbaslama\" \/><\/span>\n\t\t\t\t\t<\/p>\n\t\t\t\t<\/div>\n\t\t\t\t<div class=\"col-xs-3\">\n\t\t\t\t\t<p>Biti\u015f Tarihi<br \/>\n<span class=\"wpcf7-form-control-wrap\" data-name=\"isbitis\"><input class=\"wpcf7-form-control wpcf7-date wpcf7-validates-as-required wpcf7-validates-as-date form-control\" aria-required=\"true\" aria-invalid=\"false\" placeholder=\"\" value=\"\" type=\"date\" name=\"isbitis\" \/><\/span>\n\t\t\t\t\t<\/p>\n\t\t\t\t<\/div>\n\t\t\t\t<div class=\"col-xs-3\">\n\t\t\t\t\t<p>Firma ad\u0131<span class=\"wpcf7-form-control-wrap\" data-name=\"firma\"><input size=\"40\" class=\"wpcf7-form-control wpcf7-text wpcf7-validates-as-required form-control\" aria-required=\"true\" aria-invalid=\"false\" placeholder=\"\" value=\"\" type=\"text\" name=\"firma\" \/><\/span>\n\t\t\t\t\t<\/p>\n\t\t\t\t<\/div>\n\t\t\t\t<div class=\"col-xs-3\">\n\t\t\t\t\t<p>G\u00f6reviniz<span class=\"wpcf7-form-control-wrap\" data-name=\"gorev\"><input size=\"40\" class=\"wpcf7-form-control wpcf7-text wpcf7-validates-as-required form-control\" aria-required=\"true\" aria-invalid=\"false\" placeholder=\"\" value=\"\" type=\"text\" name=\"gorev\" \/><\/span>\n\t\t\t\t\t<\/p>\n\t\t\t\t<\/div>\n\t\t\t<\/div>\n\t\t<\/div>\n\t\t<div class=\"row\">\n\t\t\t<div data-id=\"group-512\" data-orig_data_id=\"group-512\"  data-class=\"wpcf7cf_group\">\n\t\t\t\t<div class=\"col-xs-3\">\n\t\t\t\t\t<p>Ba\u015flama tarihiniz 2<br \/>\n<span class=\"wpcf7-form-control-wrap\" data-name=\"isbaslama2\"><input class=\"wpcf7-form-control wpcf7-date wpcf7-validates-as-date form-control\" aria-invalid=\"false\" placeholder=\"\" value=\"\" type=\"date\" name=\"isbaslama2\" \/><\/span>\n\t\t\t\t\t<\/p>\n\t\t\t\t<\/div>\n\t\t\t\t<div class=\"col-xs-3\">\n\t\t\t\t\t<p>Biti\u015f Tarihi 2<br \/>\n<span class=\"wpcf7-form-control-wrap\" data-name=\"isbitis2\"><input class=\"wpcf7-form-control wpcf7-date wpcf7-validates-as-date form-control\" aria-invalid=\"false\" placeholder=\"\" value=\"\" type=\"date\" name=\"isbitis2\" \/><\/span>\n\t\t\t\t\t<\/p>\n\t\t\t\t<\/div>\n\t\t\t\t<div class=\"col-xs-3\">\n\t\t\t\t\t<p>Firma ad\u0131 2 <span class=\"wpcf7-form-control-wrap\" data-name=\"firma2\"><input size=\"40\" class=\"wpcf7-form-control wpcf7-text form-control\" aria-invalid=\"false\" placeholder=\"\" value=\"\" type=\"text\" name=\"firma2\" \/><\/span>\n\t\t\t\t\t<\/p>\n\t\t\t\t<\/div>\n\t\t\t\t<div class=\"col-xs-3\">\n\t\t\t\t\t<p>G\u00f6reviniz 2 <span class=\"wpcf7-form-control-wrap\" data-name=\"gorev2\"><input size=\"40\" class=\"wpcf7-form-control wpcf7-text form-control\" aria-invalid=\"false\" placeholder=\"\" value=\"\" type=\"text\" name=\"gorev2\" \/><\/span>\n\t\t\t\t\t<\/p>\n\t\t\t\t<\/div>\n\t\t\t<\/div>\n\t\t<\/div>\n\t\t<div class=\"row\">\n\t\t\t<div data-id=\"group-512\" data-orig_data_id=\"group-512\"  data-class=\"wpcf7cf_group\">\n\t\t\t\t<div class=\"col-xs-3\">\n\t\t\t\t\t<p>Ba\u015flama tarihiniz 3<br \/>\n<span class=\"wpcf7-form-control-wrap\" data-name=\"isbaslama3\"><input class=\"wpcf7-form-control wpcf7-date wpcf7-validates-as-date form-control\" aria-invalid=\"false\" placeholder=\"\" value=\"\" type=\"date\" name=\"isbaslama3\" \/><\/span>\n\t\t\t\t\t<\/p>\n\t\t\t\t<\/div>\n\t\t\t\t<div class=\"col-xs-3\">\n\t\t\t\t\t<p>Biti\u015f Tarihi 3<br \/>\n<span class=\"wpcf7-form-control-wrap\" data-name=\"isbitis3\"><input class=\"wpcf7-form-control wpcf7-date wpcf7-validates-as-date form-control\" aria-invalid=\"false\" placeholder=\"\" value=\"\" type=\"date\" name=\"isbitis3\" \/><\/span>\n\t\t\t\t\t<\/p>\n\t\t\t\t<\/div>\n\t\t\t\t<div class=\"col-xs-3\">\n\t\t\t\t\t<p>Firma ad\u0131 3 <span class=\"wpcf7-form-control-wrap\" data-name=\"firma3\"><input size=\"40\" class=\"wpcf7-form-control wpcf7-text form-control\" aria-invalid=\"false\" placeholder=\"\" value=\"\" type=\"text\" name=\"firma3\" \/><\/span>\n\t\t\t\t\t<\/p>\n\t\t\t\t<\/div>\n\t\t\t\t<div class=\"col-xs-3\">\n\t\t\t\t\t<p>G\u00f6reviniz 3 <span class=\"wpcf7-form-control-wrap\" data-name=\"gorev3\"><input size=\"40\" class=\"wpcf7-form-control wpcf7-text form-control\" aria-invalid=\"false\" placeholder=\"\" value=\"\" type=\"text\" name=\"gorev3\" \/><\/span>\n\t\t\t\t\t<\/p>\n\t\t\t\t<\/div>\n\t\t\t<\/div>\n\t\t<\/div>\n\t\t<div class=\"row\">\n\t\t\t<div class=\"col-xs-12\">\n\t\t\t\t<p><span class=\"wpcf7-form-control-wrap\" data-name=\"textarea-464\"><textarea cols=\"40\" rows=\"10\" class=\"wpcf7-form-control wpcf7-textarea wpcf7-validates-as-required form-control mb-20 message-box\" aria-required=\"true\" aria-invalid=\"false\" name=\"textarea-464\">Message<\/textarea><\/span>\n\t\t\t\t<\/p>\n\t\t\t<\/div>\n\t\t<\/div>\n\t\t<div class=\"row\">\n\t\t\t<p><span class=\"wpcf7-form-control-wrap\" data-name=\"acceptance-553\"><span class=\"wpcf7-form-control wpcf7-acceptance\"><span class=\"wpcf7-list-item\"><label><input type=\"checkbox\" name=\"acceptance-553\" value=\"1\" aria-invalid=\"false\" \/><span class=\"wpcf7-list-item-label\"><a href=\"\/it\/kvkk-metni\/\">Nazkaya'n\u0131n KVKK metnine<\/a> ili\u015fkin ki\u015fisel bilgilerimi toplamas\u0131na izin veriyorum.<\/span><\/label><\/span><\/span><\/span>\n\t\t\t<\/p>\n\t\t<\/div>\n\t\t<div class=\"ts-btn-wraper\">\n\t\t\t<p><input class=\"wpcf7-form-control wpcf7-submit has-spinner btn btn-primary\" type=\"submit\" value=\"Send Message\" \/>\n\t\t\t<\/p>\n\t\t<\/div>\n\t<\/div>\n<\/div>\n \n \n <div class=\"wpcf7-response-output\" aria-hidden=\"true\"><\/div>\n<input type=\"hidden\" name=\"trp-form-language\" value=\"it\"\/><\/form>\n<\/div>\n<\/div>\n\t\t\t\t<\/div>\n\t\t\t\t<\/div>\n\t\t\t\t\t<\/div>\n\t\t<\/div>\n\t\t\t\t\t<\/div>\n\t\t<\/section>\n\t\t\t\t<\/div>","protected":false},"excerpt":{"rendered":"<p>Bafra Organize Sanayi Fabrika \u0130\u015f Ba\u015fvuru Formu<\/p>","protected":false},"author":1,"featured_media":0,"parent":0,"menu_order":0,"comment_status":"closed","ping_status":"closed","template":"elementor_header_footer","meta":{"footnotes":""},"class_list":["post-3563","page","type-page","status-publish","hentry"],"_links":{"self":[{"href":"https:\/\/www.nazkaya.com\/it\/wp-json\/wp\/v2\/pages\/3563","targetHints":{"allow":["GET"]}}],"collection":[{"href":"https:\/\/www.nazkaya.com\/it\/wp-json\/wp\/v2\/pages"}],"about":[{"href":"https:\/\/www.nazkaya.com\/it\/wp-json\/wp\/v2\/types\/page"}],"author":[{"embeddable":true,"href":"https:\/\/www.nazkaya.com\/it\/wp-json\/wp\/v2\/users\/1"}],"replies":[{"embeddable":true,"href":"https:\/\/www.nazkaya.com\/it\/wp-json\/wp\/v2\/comments?post=3563"}],"version-history":[{"count":25,"href":"https:\/\/www.nazkaya.com\/it\/wp-json\/wp\/v2\/pages\/3563\/revisions"}],"predecessor-version":[{"id":3607,"href":"https:\/\/www.nazkaya.com\/it\/wp-json\/wp\/v2\/pages\/3563\/revisions\/3607"}],"wp:attachment":[{"href":"https:\/\/www.nazkaya.com\/it\/wp-json\/wp\/v2\/media?parent=3563"}],"curies":[{"name":"wp","href":"https:\/\/api.w.org\/{rel}","templated":true}]}}