{"id":4410,"date":"2026-04-21T07:23:58","date_gmt":"2026-04-21T07:23:58","guid":{"rendered":"https:\/\/www.nazkaya.com\/?page_id=4410"},"modified":"2026-04-21T14:09:51","modified_gmt":"2026-04-21T14:09:51","slug":"packaging-products","status":"publish","type":"page","link":"https:\/\/www.nazkaya.com\/fr\/packaging-products\/","title":{"rendered":"Packaging Products"},"content":{"rendered":"<div data-elementor-type=\"wp-page\" data-elementor-id=\"4410\" class=\"elementor elementor-4410\" data-elementor-post-type=\"page\">\n\t\t\t\t<div class=\"elementor-element elementor-element-18631e9 e-flex e-con-boxed e-con e-parent\" data-id=\"18631e9\" data-element_type=\"container\" data-core-v316-plus=\"true\">\n\t\t\t\t\t<div class=\"e-con-inner\">\n\t\t\t\t<div class=\"elementor-element elementor-element-7dcf220 elementor-widget elementor-widget-html\" data-id=\"7dcf220\" data-element_type=\"widget\" data-widget_type=\"html.default\">\n\t\t\t\t<div class=\"elementor-widget-container\">\n\t\t\t<style>\n@import url('https:\/\/fonts.googleapis.com\/css2?family=Inter:wght@300;400;500;600;700&display=swap');\n.nzk-wrap *{box-sizing:border-box;margin:0;padding:0;}\n.nzk-wrap{font-family:'Inter',system-ui,sans-serif;background:#07101c;width:100vw;position:relative;left:50%;transform:translateX(-50%);overflow-x:hidden;}\nbody,html{background:#07101c !important;}\n\n\/* HERO *\/\n.nzk-hero{position:relative;width:100%;height:100vh;overflow:hidden;background:#07101c;display:flex;align-items:center;justify-content:center;}\n.nzk-bg-video{position:absolute;inset:0;width:100%;height:100%;object-fit:cover;z-index:0;opacity:0.35;pointer-events:none;}\n.nzk-hero::before,.nzk-hero::after{content:'';position:absolute;top:0;bottom:0;width:18%;z-index:2;pointer-events:none;}\n.nzk-hero::before{left:0;background:linear-gradient(to right,#07101c 60%,transparent 100%);}\n.nzk-hero::after{right:0;background:linear-gradient(to left,#07101c 60%,transparent 100%);}\n@keyframes nzkImgFloat{0%,100%{transform:translateY(0px);}50%{transform:translateY(-14px);}}\n.nzk-hero img.catalog{\n  height:100%;width:auto;display:block;flex-shrink:0;\n  position:relative;z-index:1;\n  animation:nzkImgFloat 5s ease-in-out infinite;\n}\n\/* \u00dcst gradient \u2014 g\u00f6rselin logosu korunur, arka planla kayna\u015f\u0131r *\/\n.nzk-hero-top-fade{\n  position:absolute;top:0;left:0;right:0;height:18%;\n  background:linear-gradient(to bottom,#07101c 0%,transparent 100%);\n  z-index:3;pointer-events:none;\n}\n\n\/* ACCESS CATALOG btn *\/\n.nzk-catalog-btn{position:absolute;top:18px;left:50%;transform:translateX(-50%);z-index:20;display:inline-flex;align-items:center;gap:8px;background:#0F5799;color:#fff !important;font-size:12px;font-weight:700;letter-spacing:0.1em;text-transform:uppercase;padding:9px 20px;border-radius:6px;text-decoration:none !important;transition:background 0.18s,box-shadow 0.18s;white-space:nowrap;}\n.nzk-catalog-btn:hover{background:#1368b0;box-shadow:0 6px 20px rgba(15,87,153,0.5);text-decoration:none !important;}\n\n\/* HOTSPOTS *\/\n.nzk-spot{position:absolute;cursor:pointer;z-index:10;transform:translate(-50%,-50%);padding:14px;margin:-14px;-webkit-tap-highlight-color:transparent;animation:nzkImgFloat 5s ease-in-out infinite;}\n.nzk-dot{width:14px;height:14px;border-radius:50%;background:#0F5799;border:2px solid #fff;box-shadow:0 0 0 0 rgba(15,87,153,0.7);animation:nzkPulse 2.4s ease-in-out infinite;transition:transform 0.2s,background 0.2s;pointer-events:none;}\n@keyframes nzkPulse{0%,100%{box-shadow:0 0 0 0 rgba(15,87,153,0.7);}50%{box-shadow:0 0 0 9px rgba(15,87,153,0);}}\n.nzk-label{position:absolute;display:flex;align-items:center;opacity:0;pointer-events:none;transition:opacity 0.2s,transform 0.2s;transform:scale(0.88);white-space:nowrap;z-index:20;top:50%;margin-top:-14px;}\n.nzk-line{background:rgba(255,255,255,0.9);height:1.5px;}\n.nzk-arrow{width:0;height:0;border-style:solid;}\n.nzk-tag{background:rgba(4,16,32,0.95);border:1px solid rgba(15,87,153,0.8);color:#fff !important;font-size:12px;font-weight:600;letter-spacing:0.04em;padding:6px 12px;border-radius:6px;line-height:1.3;}\n.nzk-label.nzk-r{flex-direction:row;left:18px;}\n.nzk-label.nzk-r .nzk-arrow{border-width:4.5px 0 4.5px 6px;border-color:transparent transparent transparent rgba(255,255,255,0.9);margin-right:6px;}\n.nzk-label.nzk-l{flex-direction:row-reverse;right:18px;}\n.nzk-label.nzk-l .nzk-arrow{border-width:4.5px 6px 4.5px 0;border-color:transparent rgba(255,255,255,0.9) transparent transparent;margin-left:6px;}\n.nzk-spot:hover .nzk-dot,.nzk-spot.active .nzk-dot{transform:scale(1.7);animation:none;background:#fff;}\n.nzk-spot:hover .nzk-label,.nzk-spot.active .nzk-label{opacity:1;transform:scale(1);}\n\n\/* SCROLL HINT *\/\n.nzk-scroll-hint{position:absolute;bottom:18px;left:50%;transform:translateX(-50%);display:flex;flex-direction:column;align-items:center;gap:5px;opacity:0.4;pointer-events:none;z-index:15;}\n.nzk-scroll-hint span{font-size:10px;letter-spacing:0.18em;text-transform:uppercase;color:#fff;}\n.nzk-chevron{width:14px;height:14px;border-right:2px solid #fff;border-bottom:2px solid #fff;transform:rotate(45deg);animation:nzkBounce 1.6s ease-in-out infinite;}\n@keyframes nzkBounce{0%,100%{transform:rotate(45deg) translateY(0);}50%{transform:rotate(45deg) translateY(5px);}}\n\n\/* INFO *\/\n.nzk-info{background:linear-gradient(180deg,#07101c 0%,#0a1828 100%);padding:48px 24px 56px;text-align:center;border-top:1px solid rgba(15,87,153,0.25);width:100%;}\n.nzk-divider{width:44px;height:2px;background:#0F5799;margin:0 auto 32px;border-radius:2px;}\n.nzk-contacts{display:flex;justify-content:center;align-items:center;gap:12px;flex-wrap:wrap;margin-bottom:32px;}\n.nzk-contact-link{display:inline-flex;align-items:center;gap:9px;text-decoration:none !important;font-size:13px;font-weight:600;padding:11px 20px;border-radius:8px;transition:transform 0.18s,box-shadow 0.18s;white-space:nowrap;}\n.nzk-contact-link:hover{transform:translateY(-2px);box-shadow:0 8px 22px rgba(0,0,0,0.4);text-decoration:none !important;}\n.nzk-contact-wa{background:#25D366;color:#fff !important;}\n.nzk-contact-mail{background:#0F5799;color:#fff !important;}\n.nzk-info-text{font-size:14.5px;line-height:1.95;color:rgba(180,205,230,0.78);max-width:700px;margin:0 auto 32px;font-weight:300;text-align:left;}\n.nzk-info-text strong{color:rgba(210,230,250,0.95);font-weight:500;}\n.nzk-info-text ul{list-style:none;padding:0;margin:12px 0 16px 0;}\n.nzk-info-text ul li{padding:3px 0 3px 18px;position:relative;color:rgba(180,205,230,0.78);}\n.nzk-info-text ul li::before{content:'';position:absolute;left:0;top:50%;transform:translateY(-50%);width:6px;height:6px;border-radius:50%;background:#0F5799;}\n\n\/* FAQ *\/\n.nzk-faq{background:#07101c;padding:56px 24px 64px;border-top:1px solid rgba(15,87,153,0.2);width:100%;}\n.nzk-faq-inner{max-width:760px;margin:0 auto;}\n.nzk-faq-title{text-align:center;font-size:11px;letter-spacing:0.18em;text-transform:uppercase;color:#0F5799;font-weight:600;margin-bottom:10px;}\n.nzk-faq-sub{text-align:center;font-size:22px;font-weight:600;color:rgba(220,235,250,0.95);margin-bottom:40px;line-height:1.3;}\n.nzk-faq-item{border-bottom:1px solid rgba(15,87,153,0.2);overflow:hidden;}\n.nzk-faq-item:first-of-type{border-top:1px solid rgba(15,87,153,0.2);}\n.nzk-faq-q{width:100%;background:none;border:none;cursor:pointer;display:flex;align-items:center;justify-content:space-between;gap:16px;padding:20px 0;color:rgba(210,230,248,0.92);font-size:15px;font-weight:500;font-family:'Inter',system-ui,sans-serif;text-align:left;-webkit-tap-highlight-color:transparent;transition:color 0.18s;}\n.nzk-faq-q:hover{color:#fff;}\n.nzk-faq-icon{flex-shrink:0;width:22px;height:22px;border-radius:50%;border:1.5px solid rgba(15,87,153,0.7);display:flex;align-items:center;justify-content:center;transition:background 0.2s,border-color 0.2s,transform 0.3s;color:rgba(15,87,153,0.9);}\n.nzk-faq-item.open .nzk-faq-icon{background:#0F5799;border-color:#0F5799;color:#fff;transform:rotate(45deg);}\n.nzk-faq-body{max-height:0;overflow:hidden;transition:max-height 0.38s cubic-bezier(0.4,0,0.2,1),padding 0.3s;padding:0;}\n.nzk-faq-item.open .nzk-faq-body{max-height:400px;padding-bottom:20px;}\n.nzk-faq-body p{font-size:14px;line-height:1.85;color:rgba(160,190,220,0.78);font-weight:300;}\n<\/style>\n\n<div class=\"nzk-wrap\">\n\n  <!-- HERO -->\n  <div class=\"nzk-hero\" id=\"nzkHero\">\n    <video class=\"nzk-bg-video\" autoplay muted loop playsinline preload=\"auto\">\n      <source src=\"https:\/\/www.nazkaya.com\/wp-content\/uploads\/2025\/10\/WEB-SITE-FABRIKA-VIDEO.mp4\" type=\"video\/mp4\">\n    <\/video>\n    <img decoding=\"async\" class=\"catalog\" id=\"nzkImg\" src=\"https:\/\/www.nazkaya.com\/wp-content\/uploads\/2026\/04\/page-01-1-scaled.jpg\" alt=\"Nazkaya Product Catalog\" loading=\"eager\" \/>\n    <div class=\"nzk-hero-top-fade\"><\/div>\n    <a class=\"nzk-catalog-btn\" href=\"https:\/\/www.nazkaya.com\/wp-content\/uploads\/2026\/04\/Nazkaya-Catalogue-2026.pdf\" target=\"_blank\" rel=\"noopener\">\n      <svg width=\"14\" height=\"14\" viewbox=\"0 0 24 24\" fill=\"currentColor\"><path d=\"M14 2H6a2 2 0 00-2 2v16a2 2 0 002 2h12a2 2 0 002-2V8l-6-6zm-1 1.5L18.5 9H13V3.5zM12 17l-4-4h2.5v-4h3v4H16l-4 4z\"\/><\/svg>\n      Access Catalog\n    <\/a>\n    <div class=\"nzk-scroll-hint\"><span>Scroll<\/span><div class=\"nzk-chevron\"><\/div><\/div>\n  <\/div>\n\n  <!-- INFO -->\n  <div class=\"nzk-info\">\n    <div class=\"nzk-divider\"><\/div>\n    <div class=\"nzk-contacts\">\n      <a class=\"nzk-contact-link nzk-contact-wa\" href=\"https:\/\/wa.me\/905392845753\" target=\"_blank\" rel=\"noopener\">\n        <svg width=\"18\" height=\"18\" viewbox=\"0 0 24 24\" fill=\"currentColor\"><path d=\"M17.472 14.382c-.297-.149-1.758-.867-2.03-.967-.273-.099-.471-.148-.67.15-.197.297-.767.966-.94 1.164-.173.199-.347.223-.644.075-.297-.15-1.255-.463-2.39-1.475-.883-.788-1.48-1.761-1.653-2.059-.173-.297-.018-.458.13-.606.134-.133.298-.347.446-.52.149-.174.198-.298.298-.497.099-.198.05-.371-.025-.52-.075-.149-.669-1.612-.916-2.207-.242-.579-.487-.5-.669-.51-.173-.008-.371-.01-.57-.01-.198 0-.52.074-.792.372-.272.297-1.04 1.016-1.04 2.479 0 1.462 1.065 2.875 1.213 3.074.149.198 2.096 3.2 5.077 4.487.709.306 1.262.489 1.694.625.712.227 1.36.195 1.871.118.571-.085 1.758-.719 2.006-1.413.248-.694.248-1.289.173-1.413-.074-.124-.272-.198-.57-.347m-5.421 7.403h-.004a9.87 9.87 0 01-5.031-1.378l-.361-.214-3.741.982.998-3.648-.235-.374a9.86 9.86 0 01-1.51-5.26c.001-5.45 4.436-9.884 9.888-9.884 2.64 0 5.122 1.03 6.988 2.898a9.825 9.825 0 012.893 6.994c-.003 5.45-4.437 9.884-9.885 9.884m8.413-18.297A11.815 11.815 0 0012.05 0C5.495 0 .16 5.335.157 11.892c0 2.096.547 4.142 1.588 5.945L.057 24l6.305-1.654a11.882 11.882 0 005.683 1.448h.005c6.554 0 11.89-5.335 11.893-11.893a11.821 11.821 0 00-3.48-8.413z\"\/><\/svg>\n        +90 539 284 57 53\n      <\/a>\n      <a class=\"nzk-contact-link nzk-contact-mail\" href=\"mailto:info@nazkaya.com\">\n        <svg width=\"18\" height=\"18\" viewbox=\"0 0 24 24\" fill=\"currentColor\"><path d=\"M20 4H4c-1.1 0-2 .9-2 2v12c0 1.1.9 2 2 2h16c1.1 0 2-.9 2-2V6c0-1.1-.9-2-2-2zm0 4l-8 5-8-5V6l8 5 8-5v2z\"\/><\/svg>\n        info@nazkaya.com\n      <\/a>\n    <\/div>\n    <div class=\"nzk-info-text\">\n      <p>Nazkaya offers a wide range of eco-friendly and food-safe disposable packaging solutions designed for modern food service and takeaway businesses. Our product portfolio includes:<\/p>\n      <ul>\n        <li>Kraft bowls<\/li>\n        <li>PET smoothie cups<\/li>\n        <li>Kraft paper bags<\/li>\n        <li>Paper straws<\/li>\n        <li>Pizza boxes and hamburger boxes<\/li>\n      <\/ul>\n      <p>All developed to meet the growing demand for sustainable and practical packaging solutions across Europe.<\/p>\n      <br>\n      <p>With export experience to over <strong>35 countries<\/strong>, we support restaurants, cafes, catering companies, and food brands with reliable supply, consistent quality, and fast logistics solutions. Our focus is on helping businesses strengthen their packaging standards while maintaining cost efficiency and sustainability.<\/p>\n      <br>\n      <p>All products are suitable for hot and cold food applications, durable in use, and designed to enhance brand presentation in takeaway and delivery services.<\/p>\n    <\/div>\n  <\/div>\n\n  <!-- FAQ -->\n  <div class=\"nzk-faq\">\n    <div class=\"nzk-faq-inner\">\n      <p class=\"nzk-faq-title\">FAQ<\/p>\n      <p class=\"nzk-faq-sub\">Frequently Asked Questions<\/p>\n      <div class=\"nzk-faq-item\">\n        <button class=\"nzk-faq-q\">What types of packaging products do you supply?<span class=\"nzk-faq-icon\"><svg width=\"12\" height=\"12\" viewbox=\"0 0 12 12\" fill=\"none\" stroke=\"currentColor\" stroke-width=\"1.8\" stroke-linecap=\"round\"><line x1=\"6\" y1=\"1\" x2=\"6\" y2=\"11\"\/><line x1=\"1\" y1=\"6\" x2=\"11\" y2=\"6\"\/><\/svg><\/span><\/button>\n        <div class=\"nzk-faq-body\"><p>We supply a wide range of disposable food packaging products including Kraft bowls, PET smoothie cups, kraft paper bags, paper straws, pizza boxes, and hamburger boxes. These products are designed for food service, takeaway, and delivery businesses.<\/p><\/div>\n      <\/div>\n      <div class=\"nzk-faq-item\">\n        <button class=\"nzk-faq-q\">Do you provide eco-friendly packaging solutions?<span class=\"nzk-faq-icon\"><svg width=\"12\" height=\"12\" viewbox=\"0 0 12 12\" fill=\"none\" stroke=\"currentColor\" stroke-width=\"1.8\" stroke-linecap=\"round\"><line x1=\"6\" y1=\"1\" x2=\"6\" y2=\"11\"\/><line x1=\"1\" y1=\"6\" x2=\"11\" y2=\"6\"\/><\/svg><\/span><\/button>\n        <div class=\"nzk-faq-body\"><p>Yes, many of our products such as kraft paper bags, paper straws, and kraft food containers are made from recyclable and eco-friendly materials, helping businesses reduce their environmental impact.<\/p><\/div>\n      <\/div>\n      <div class=\"nzk-faq-item\">\n        <button class=\"nzk-faq-q\">In which countries do you export your products?<span class=\"nzk-faq-icon\"><svg width=\"12\" height=\"12\" viewbox=\"0 0 12 12\" fill=\"none\" stroke=\"currentColor\" stroke-width=\"1.8\" stroke-linecap=\"round\"><line x1=\"6\" y1=\"1\" x2=\"6\" y2=\"11\"\/><line x1=\"1\" y1=\"6\" x2=\"11\" y2=\"6\"\/><\/svg><\/span><\/button>\n        <div class=\"nzk-faq-body\"><p>We export our packaging products to more than 35 countries across Europe and international markets, ensuring reliable supply and consistent quality for our partners.<\/p><\/div>\n      <\/div>\n      <div class=\"nzk-faq-item\">\n        <button class=\"nzk-faq-q\">Are your products suitable for hot and cold food?<span class=\"nzk-faq-icon\"><svg width=\"12\" height=\"12\" viewbox=\"0 0 12 12\" fill=\"none\" stroke=\"currentColor\" stroke-width=\"1.8\" stroke-linecap=\"round\"><line x1=\"6\" y1=\"1\" x2=\"6\" y2=\"11\"\/><line x1=\"1\" y1=\"6\" x2=\"11\" y2=\"6\"\/><\/svg><\/span><\/button>\n        <div class=\"nzk-faq-body\"><p>Yes, our product range is designed for both hot and cold food applications. Kraft bowls, pizza boxes, and burger boxes are ideal for hot meals, while PET cups are perfect for cold drinks and smoothies.<\/p><\/div>\n      <\/div>\n      <div class=\"nzk-faq-item\">\n        <button class=\"nzk-faq-q\">Do you offer bulk supply for restaurants and food businesses?<span class=\"nzk-faq-icon\"><svg width=\"12\" height=\"12\" viewbox=\"0 0 12 12\" fill=\"none\" stroke=\"currentColor\" stroke-width=\"1.8\" stroke-linecap=\"round\"><line x1=\"6\" y1=\"1\" x2=\"6\" y2=\"11\"\/><line x1=\"1\" y1=\"6\" x2=\"11\" y2=\"6\"\/><\/svg><\/span><\/button>\n        <div class=\"nzk-faq-body\"><p>Yes, we specialize in bulk supply for restaurants, cafes, catering companies, and food service businesses with flexible order quantities and export logistics support.<\/p><\/div>\n      <\/div>\n      <div class=\"nzk-faq-item\">\n        <button class=\"nzk-faq-q\">What makes your packaging products reliable for export markets?<span class=\"nzk-faq-icon\"><svg width=\"12\" height=\"12\" viewbox=\"0 0 12 12\" fill=\"none\" stroke=\"currentColor\" stroke-width=\"1.8\" stroke-linecap=\"round\"><line x1=\"6\" y1=\"1\" x2=\"6\" y2=\"11\"\/><line x1=\"1\" y1=\"6\" x2=\"11\" y2=\"6\"\/><\/svg><\/span><\/button>\n        <div class=\"nzk-faq-body\"><p>Our products are manufactured under strict quality standards, ensuring durability, food safety, and consistency. With strong export experience, we provide stable supply chains and professional logistics support.<\/p><\/div>\n      <\/div>\n      <div class=\"nzk-faq-item\">\n        <button class=\"nzk-faq-q\">Can I order mixed packaging products in one shipment?<span class=\"nzk-faq-icon\"><svg width=\"12\" height=\"12\" viewbox=\"0 0 12 12\" fill=\"none\" stroke=\"currentColor\" stroke-width=\"1.8\" stroke-linecap=\"round\"><line x1=\"6\" y1=\"1\" x2=\"6\" y2=\"11\"\/><line x1=\"1\" y1=\"6\" x2=\"11\" y2=\"6\"\/><\/svg><\/span><\/button>\n        <div class=\"nzk-faq-body\"><p>Yes, we can combine multiple product categories in one shipment, making it easier and more cost-efficient for our customers to manage their packaging supply.<\/p><\/div>\n      <\/div>\n    <\/div>\n  <\/div>\n\n<\/div>\n\n<script>\n(function(){\n  var IMG_W=4134,IMG_H=5847;\n  var products=[\n    [\"Pizza Boxes\",1157,1637,\"r\"],[\"Paper Straws\",330,1987,\"r\"],[\"Paper Napkin Bags\",372,2806,\"r\"],\n    [\"Burger Box\",950,3157,\"r\"],[\"Straw Bundle\",1157,3508,\"r\"],[\"Noodle \/ Takeaway Box\",2356,1403,\"l\"],\n    [\"Kraft Salad Bowl (Large)\",1653,2221,\"r\"],[\"Kraft Salad Bowl (Small)\",1901,2923,\"l\"],\n    [\"Hot Beverage Cup\",3307,1227,\"l\"],[\"Cold Drink Cup\",2273,3215,\"r\"],[\"Smoothie Cup\",2645,3040,\"l\"],\n    [\"Kraft Paper Cups\",3224,2981,\"l\"],[\"Transparent Cup Lid\",1942,3975,\"r\"],\n    [\"Kraft Shopping Bag\",992,4385,\"r\"],[\"Delivery Paper Bag\",2273,4092,\"l\"],\n    [\"Kraft Paper Bag\",3017,3859,\"l\"],[\"Disposable Cups\",1942,4794,\"r\"],\n    [\"Wooden Cutlery Set\",1405,5262,\"r\"],[\"Disposable Serving Tray\",413,5203,\"r\"],\n    [\"Kraft Meal Box\",2397,5086,\"l\"],[\"Large Kraft Meal Box\",3059,4911,\"l\"]\n  ];\n  var hero=document.getElementById('nzkHero');\n  function placeSpots(){\n    hero.querySelectorAll('.nzk-spot').forEach(function(el){el.remove();});\n    var heroW=hero.offsetWidth,heroH=hero.offsetHeight;\n    var imgRatio=IMG_W\/IMG_H;\n    var rendH=heroH, rendW=rendH*imgRatio;\n    var offX=(heroW-rendW)\/2;\n    products.forEach(function(p){\n      var name=p[0],px=p[1],py=p[2],side=p[3];\n      var sx=offX+(px\/IMG_W)*rendW;\n      var sy=(py\/IMG_H)*rendH;\n      if(sx<5||sx>heroW-5||sy<5||sy>heroH-5)return;\n      var spot=document.createElement('div');\n      spot.className='nzk-spot';\n      spot.style.left=sx+'px';spot.style.top=sy+'px';\n      spot.style.animation='nzkImgFloat 5s ease-in-out infinite';\n      var lbl=side==='r'\n        ?'<div class=\"nzk-label nzk-r\"><div class=\"nzk-line\" style=\"width:32px;\"><\/div><div class=\"nzk-arrow\"><\/div><div class=\"nzk-tag\">'+name+'<\/div><\/div>'\n        :'<div class=\"nzk-label nzk-l\"><div class=\"nzk-line\" style=\"width:32px;\"><\/div><div class=\"nzk-arrow\"><\/div><div class=\"nzk-tag\">'+name+'<\/div><\/div>';\n      spot.innerHTML='<div class=\"nzk-dot\"><\/div>'+lbl;\n      hero.appendChild(spot);\n      spot.addEventListener('touchstart',function(e){\n        e.stopPropagation();\n        hero.querySelectorAll('.nzk-spot.active').forEach(function(s){if(s!==spot)s.classList.remove('active');});\n        spot.classList.toggle('active');\n      },{passive:true});\n    });\n    hero.addEventListener('touchstart',function(e){\n      if(!e.target.closest||!e.target.closest('.nzk-spot'))\n        hero.querySelectorAll('.nzk-spot.active').forEach(function(s){s.classList.remove('active');});\n    },{passive:true});\n  }\n  var img=document.getElementById('nzkImg');\n  if(img.complete){placeSpots();}else{img.addEventListener('load',placeSpots);}\n  var t;window.addEventListener('resize',function(){clearTimeout(t);t=setTimeout(placeSpots,120);});\n})();\n\ndocument.querySelectorAll('.nzk-faq-q').forEach(function(btn){\n  btn.addEventListener('click',function(){\n    var item=btn.parentElement;\n    var isOpen=item.classList.contains('open');\n    document.querySelectorAll('.nzk-faq-item.open').forEach(function(el){el.classList.remove('open');});\n    if(!isOpen)item.classList.add('open');\n  });\n});\n<\/script>\t\t<\/div>\n\t\t\t\t<\/div>\n\t\t\t\t\t<\/div>\n\t\t\t\t<\/div>\n\t\t\t\t<\/div>","protected":false},"excerpt":{"rendered":"<p>Access Catalog Scroll +90 539 284 57 53 info@nazkaya.com Nazkaya offers a wide range of eco-friendly and food-safe disposable packaging solutions designed for modern food service and takeaway businesses. Our product portfolio includes: Kraft bowls PET smoothie cups Kraft paper bags Paper straws Pizza boxes and hamburger boxes All developed to meet the growing demand [&hellip;]<\/p>","protected":false},"author":1,"featured_media":0,"parent":0,"menu_order":0,"comment_status":"closed","ping_status":"closed","template":"elementor_canvas","meta":{"footnotes":""},"class_list":["post-4410","page","type-page","status-publish","hentry"],"_links":{"self":[{"href":"https:\/\/www.nazkaya.com\/fr\/wp-json\/wp\/v2\/pages\/4410","targetHints":{"allow":["GET"]}}],"collection":[{"href":"https:\/\/www.nazkaya.com\/fr\/wp-json\/wp\/v2\/pages"}],"about":[{"href":"https:\/\/www.nazkaya.com\/fr\/wp-json\/wp\/v2\/types\/page"}],"author":[{"embeddable":true,"href":"https:\/\/www.nazkaya.com\/fr\/wp-json\/wp\/v2\/users\/1"}],"replies":[{"embeddable":true,"href":"https:\/\/www.nazkaya.com\/fr\/wp-json\/wp\/v2\/comments?post=4410"}],"version-history":[{"count":37,"href":"https:\/\/www.nazkaya.com\/fr\/wp-json\/wp\/v2\/pages\/4410\/revisions"}],"predecessor-version":[{"id":4471,"href":"https:\/\/www.nazkaya.com\/fr\/wp-json\/wp\/v2\/pages\/4410\/revisions\/4471"}],"wp:attachment":[{"href":"https:\/\/www.nazkaya.com\/fr\/wp-json\/wp\/v2\/media?parent=4410"}],"curies":[{"name":"wp","href":"https:\/\/api.w.org\/{rel}","templated":true}]}}